{"id":821,"date":"2023-10-26T15:47:54","date_gmt":"2023-10-26T13:47:54","guid":{"rendered":"https:\/\/www.spd-oberkraemer.de\/?page_id=821"},"modified":"2024-03-16T17:13:27","modified_gmt":"2024-03-16T16:13:27","slug":"europawahl","status":"publish","type":"page","link":"https:\/\/www.spd-oberkraemer.de\/?page_id=821","title":{"rendered":"Europawahl 2024"},"content":{"rendered":"<h1 style=\"text-align: center;\">Europawahl 2024 am 9. Juni 2024<\/h1>\n<p><a href=\"https:\/\/www.spd.de\/fileadmin\/Dokumente\/EuroDel\/20240128_Europaprogramm.pdf\" target=\"_blank\" rel=\"noopener\"><img loading=\"lazy\" class=\" wp-image-958 aligncenter\" src=\"https:\/\/www.spd-oberkraemer.de\/wp-content\/uploads\/2024\/01\/KommunalflyerEuropa_148x210plus4-215x300.png\" alt=\"\" width=\"267\" height=\"373\" srcset=\"https:\/\/www.spd-oberkraemer.de\/wp-content\/uploads\/2024\/01\/KommunalflyerEuropa_148x210plus4-215x300.png 215w, https:\/\/www.spd-oberkraemer.de\/wp-content\/uploads\/2024\/01\/KommunalflyerEuropa_148x210plus4-83x116.png 83w, https:\/\/www.spd-oberkraemer.de\/wp-content\/uploads\/2024\/01\/KommunalflyerEuropa_148x210plus4.png 442w\" sizes=\"(max-width: 267px) 100vw, 267px\" \/><\/a><\/p>\n<hr>\n<h2 style=\"text-align: center;\">Unsere Kandidatinnen f\u00fcr Europa<\/h2>\n<p>&nbsp;<\/p>\n<p style=\"text-align: justify;\"><span style=\"color: #000000;\"><span style=\"font-size: 14pt;\"><strong><img loading=\"lazy\" class=\"size-medium wp-image-962 alignleft\" src=\"https:\/\/www.spd-oberkraemer.de\/wp-content\/uploads\/2024\/01\/Design-ohne-Titel3-200x300.png\" alt=\"\" width=\"200\" height=\"300\" srcset=\"https:\/\/www.spd-oberkraemer.de\/wp-content\/uploads\/2024\/01\/Design-ohne-Titel3-200x300.png 200w, https:\/\/www.spd-oberkraemer.de\/wp-content\/uploads\/2024\/01\/Design-ohne-Titel3-77x116.png 77w, https:\/\/www.spd-oberkraemer.de\/wp-content\/uploads\/2024\/01\/Design-ohne-Titel3.png 400w\" sizes=\"(max-width: 200px) 100vw, 200px\" \/><\/strong><strong><span style=\"color: #ff0000;\">Marie Gli\u00dfmann &#8211; Unsere Kandidatin f\u00fcr Brandenburg<\/span><\/strong><\/span><\/span><\/p>\n<p style=\"text-align: justify;\"><span style=\"color: #000000;\"> Nie waren die Herausforderungen schwerer, die Fragen gr\u00f6\u00dfer und die Antworten von rechts einfacher.<\/span><br \/>\n<span style=\"color: #000000;\">In Brandenburg stellen wir als SPD uns diesen Problemen und Chancen seit 1990 in Flei\u00dfarbeit und Ausdauer \u2013 vom kleinsten Dorf bis in die Landeshauptstadt. Unsere Antworten zeichnen sich durch Fortschritt, Solidarit\u00e4t und Ideenreichtum aus. Ich trete an f\u00fcr sozial gerechte Politik in Br\u00fcssel mit Brandenburgischer Handschrift. Als junge alleinerziehende Mutter, in Ostbrandenburg lebend, kenne ich die Probleme von Geringverdienenden und von Pflegenden, aber auch von Kindern und Jugendlichen, die bedroht sind von zunehmender Armut und globalen Herausforderungen wie dem Klimawandel und dem Krieg in der Ukraine. F\u00fcr die Menschen in Brandenburg m\u00f6chte ich die Stellschrauben in Br\u00fcssel drehen, damit wir allen Generationen Perspektiven bieten, besonders in den Haushaltssicherungskommunen und im l\u00e4ndlichen Raum.<\/span><br \/>\n<span style=\"color: #000000;\">Schl\u00e4gt mein Herz nicht gerade f\u00fcr Brandenburg, dann schl\u00e4gt es f\u00fcr unsere Nachbarn \u00f6stlich der Oder. Mein Studium an der Europa-Universit\u00e4t Viadrina, Aufenthalte in Irkutsk, Kyjiw, London und am Willy Brandt Zentrum in Wroc\u0142aw haben mich als \u00fcberzeugte und kritische Europ\u00e4erin tief gepr\u00e4gt. In Minsk waren es die Pflege einer Panzerfahrerin der Roten Armee, die Arbeit im J\u00fcdischen Hessed und die allt\u00e4gliche Unterst\u00fctzung ehemaliger Zwangsarbeitender, die mir gezeigt haben, welch hohes Gut Frieden ist und dass dieser nicht selbstverst\u00e4ndlich ist.<\/span><br \/>\n<span style=\"color: #000000;\">Denn trotz aller Bem\u00fchungen haben wir es nicht geschafft, den Frieden in Europa zu bewahren. Der Angriffskrieg Russlands auf die Ukraine muss deshalb sofort beendet und die Ukraine in ihren Grenzen vor 2014 wiederhergestellt werden. Der Aufbau des Landes, die Koordination und Organisation monet\u00e4rer sowie zivilgesellschaftlicher Unterst\u00fctzung werden zu weiteren Hauptaufgaben der EU. Einem starken Frieden den Weg bereiten k\u00f6nnen wir nur als geschlossene EU mit mutigen Entscheidungen und k\u00fchlem Kopf. Unsere Bundesrepublik und die Republik Polen nehmen hier zentrale Schl\u00fcsselpositionen in Europa ein. Als angehende Osteuropahistorikerin m\u00f6chte ich mich f\u00fcr diesen langwierigen Prozess der Wiederherstellung eines Europ\u00e4ischen Friedens einsetzen.<\/span><br \/>\n<span style=\"color: #000000;\">In der Bundes-SPD wird die jahrzehntelange gute Zusammenarbeit Brandenburgs und Polens sehr gesch\u00e4tzt und ist das Brennglas f\u00fcr die Deutsch-Polnischen Beziehungen. Im vergangenen Sommer hat das massive Fischsterben das \u00d6kosystem, uns und die regionale Wirtschaft entlang der Oder hart getroffen. Aber wir d\u00fcrfen nicht vergessen: unsere Mitmenschen auf der anderen Seite der Oder waren genauso betroffen. Wir stehen auch in fordernden Zeiten weiterhin an der Seite unserer polnischen Partner:innen. Um Senatsmarschall Prof. Grodzki zu zitieren: \u201cPoland is bigger than the ruling party\u201d und er hat absolut recht. Diese Zusammenarbeit mit den polnischen Kolleg:innen, die wir als SPD Brandenburg aufgebaut haben, m\u00f6chte ich in guter Tradition auch in Br\u00fcssel vertiefen, um die Bedarfe der Grenzregionen, die kulturelle, wissenschaftliche und wirtschaftliche Arbeit zu st\u00e4rken.<\/span><br \/>\n<span style=\"color: #000000;\">Liebe Brandenburger SPD,<\/span><br \/>\n<span style=\"color: #000000;\">im Zeichen der friedlichen Verst\u00e4ndigung m\u00f6chte ich diese Europawahlen gemeinsam mit euch f\u00fcr Brandenburg gewinnen und der AfD mit klarer Kante und klarer Haltung die Stirn bieten.<\/span><\/p>\n<hr>\n<p style=\"text-align: justify;\"><img loading=\"lazy\" class=\" wp-image-963 alignleft\" src=\"https:\/\/www.spd-oberkraemer.de\/wp-content\/uploads\/2024\/01\/Design-ohne-Titel4-200x300.png\" alt=\"\" width=\"238\" height=\"358\" srcset=\"https:\/\/www.spd-oberkraemer.de\/wp-content\/uploads\/2024\/01\/Design-ohne-Titel4-200x300.png 200w, https:\/\/www.spd-oberkraemer.de\/wp-content\/uploads\/2024\/01\/Design-ohne-Titel4-77x116.png 77w, https:\/\/www.spd-oberkraemer.de\/wp-content\/uploads\/2024\/01\/Design-ohne-Titel4.png 400w\" sizes=\"(max-width: 238px) 100vw, 238px\" \/><span style=\"font-size: 14pt;\"><strong><span style=\"color: #ff0000;\">Alisa Trojansky &#8211; Unsere Ersatzkandidatin f\u00fcr Brandenburg<\/span><\/strong><\/span><\/p>\n<p style=\"text-align: justify;\"><span style=\"color: #000000;\">Reggio Emilia ist eine ehemalige Industriestadt in Norditalien. Als ich 2017 die Chance hatte, an einem von der S&amp;D-Fraktion im Europ\u00e4ischen Parlament veranstalteten Jugenddialog dort teilzunehmen, wusste ich fast nichts von dem Ort. Doch schon am ersten Tag des Austauschs wurde mir klar, dass die jungen Menschen aus Italien und mich viele gemeinsame Erfahrungen einten. Schlecht ausgestattete Schulen und Unis, versteckte Armut, kein \u00d6PNV und kein Plan f\u00fcr den \u00dcbergang zu einer klimaneutralen Wirtschaft \u2013 das alles kannte ich aus meiner eigenen Lebenswirklichkeit. Wir diskutierten hitzig, wie Europas progressive Antwort auf solche Herausforderungen aussehen k\u00f6nnte, waren voll Tatendrang. Seit dieser Zeit ist die Leidenschaft f\u00fcr ein soziales Europa meine st\u00e4ndige Begleiterin.<\/span><\/p>\n<p style=\"text-align: justify;\"><strong style=\"color: #000000;\">ES BRAUCHT EINE STARKE S&amp;D-FRAKTION<\/strong><\/p>\n<p style=\"text-align: justify;\"><span style=\"color: #000000;\">In den vergangenen Jahren war die EU leider weniger mit Zukunftsherausforderungen als mit der Bew\u00e4ltigung unterschiedlichster Krisen besch\u00e4ftigt. Europa musste und muss nicht nur geeint auf den russischen Angriffskrieg gegen die Ukraine reagieren,<\/span><\/p>\n<p>&nbsp;<\/p>\n<div id=\"heading-2\">\n<div class=\"container-fluid container-padding\">\n<div class=\"row\">\n<div class=\"col-md-12 pt-5 pb-4\">\n<p style=\"text-align: justify;\"><span style=\"color: #000000;\">sondern daneben noch eine ganze Pandemie und Wirtschaftskrise durchstehen. Nach meinem Politikstudium hat mich mein beruflicher Werdegang f\u00fcr einige Zeit als Mitarbeiterin der S&amp;D-Fraktion ins Europ\u00e4ische Parlament gef\u00fchrt. Dabei habe ich selbst<\/span><br \/>\n<span style=\"color: #000000;\">feststellen k\u00f6nnen: Es waren die 144 sozialdemokratischen Abgeordneten, die in Krisenzeiten gegen Austerit\u00e4t und nationale<\/span><br \/>\n<span style=\"color: #000000;\">Alleing\u00e4nge und f\u00fcr Solidarit\u00e4t eintraten. Ich m\u00f6chte mir nicht ausmalen, wie die europ\u00e4ische Krisenreaktion mit einer nationalkonservativen Mehrheit im EU-Parlament ausgesehen h\u00e4tte!<\/span><\/p>\n<p style=\"text-align: justify;\"><span style=\"color: #000000;\"><strong>SOZIALES EUROPA, GERECHTE KLIMAWENDE<\/strong><\/span><br \/>\n<span style=\"color: #000000;\">Eines aber konnte auch die S&amp;D-Fraktion bisher leider nicht ausreichend durchsetzen: Starke Ma\u00dfnahmen auf EU-Ebene, die f\u00fcr mehr soziale Gerechtigkeit sorgen. Diese Tatsache spielt den Euroskeptikern in die H\u00e4nde, die argumentieren, dass Europa nur den Eliten und der Wirtschaft n\u00fctze. Die v\u00f6llig unterentwickelten Handlungsm\u00f6glichkeiten der EU in der Sozialpolitik sind eine Katastrophe. Das muss sich \u00e4ndern! Hierzu braucht es bei den n\u00e4chsten Europawahlen einen sozialdemokratischen Wahlerfolg. Denn nur wir setzen uns gegen den Widerstand anderer Parteien daf\u00fcr ein, dass die soziale Schieflage und die wachsende<\/span><br \/>\n<span style=\"color: #000000;\">Verm\u00f6gensungleichheit in der EU beseitigt wird. Mit einer st\u00e4rkeren S&amp;D-Fraktion k\u00f6nnten auf EU-Ebene endlich soziale Mindeststandards und eine faire Besteuerung von Konzernen vorangetrieben werden. Auch die Gestaltung<\/span><br \/>\n<span style=\"color: #000000;\">einer sozial gerechten Klimawende geh\u00f6rt zum sozialen Europa. Es liegt an uns, sicherzustellen, dass davon nicht<\/span><br \/>\n<span style=\"color: #000000;\">nur Investoren, sondern auch B\u00fcrger und Arbeitnehmerinnen profitieren werden!<\/span><\/p>\n<p style=\"text-align: justify;\"><span style=\"color: #000000;\"><strong>UNSERE KAMPAGNE: BRANDENBURG IM HERZEN DER EU<\/strong><\/span><br \/>\n<span style=\"color: #000000;\">Auch wenn wir es Au\u00dfenstehenden oft erst erkl\u00e4ren m\u00fcssen: An kaum einem Ort wird Europa so gelebt wie in Brandenburg. Wir liegen im Herzen der Europ\u00e4ischen Union. Als EU-Referentin im Landesministerium und durch mein Engagement in der SPD hatte ich die M\u00f6glichkeit, mich davon anhand vieler Beispiele selbst zu \u00fcberzeugen. Auch die Europawahl 2019 mit einer<\/span><br \/>\n<span style=\"color: #000000;\">historischen Wahlbeteiligung von fast 60% in Brandenburg hat gezeigt, dass Brandenburgerinnen und Brandenburger der EU mehr Bedeutung beimessen.<\/span><\/p>\n<p style=\"text-align: justify;\"><span style=\"color: #000000;\">In der aktuellen Legislaturperiode klafft aufgrund des Fehlens einer SPD-Abgeordneten samt B\u00fcro und Team in unserer Region eine gro\u00dfe L\u00fccke. Diese w\u00fcrde ich als Abgeordnete sehr gerne schlie\u00dfen.<\/span><\/p>\n<\/div>\n<\/div>\n<\/div>\n<\/div>\n<p>&nbsp;<\/p>\n<footer id=\"colophon\" class=\"site-footer mt-md-0 mt-5\">\n<div class=\"container-fluid footer-top-section mt-3\">\n<div class=\"container-padding\">\n<div class=\"row\" style=\"text-align: justify;\">&nbsp;<\/div>\n<\/div>\n<\/div>\n<\/footer>\n","protected":false},"excerpt":{"rendered":"<p>Europawahl 2024 am 9. Juni 2024 Unsere Kandidatinnen f\u00fcr Europa &nbsp; Marie Gli\u00dfmann &#8211; Unsere Kandidatin f\u00fcr Brandenburg Nie waren die Herausforderungen schwerer, die Fragen gr\u00f6\u00dfer und die Antworten von<\/p>\n<div><a class=\"btn-filled btn\" href=\"https:\/\/www.spd-oberkraemer.de\/?page_id=821\" title=\"Europawahl 2024\">Weiterlesen<\/a><\/div>\n","protected":false},"author":1,"featured_media":0,"parent":0,"menu_order":0,"comment_status":"closed","ping_status":"closed","template":"page-templates\/full-width.php","meta":{"ngg_post_thumbnail":0},"_links":{"self":[{"href":"https:\/\/www.spd-oberkraemer.de\/index.php?rest_route=\/wp\/v2\/pages\/821"}],"collection":[{"href":"https:\/\/www.spd-oberkraemer.de\/index.php?rest_route=\/wp\/v2\/pages"}],"about":[{"href":"https:\/\/www.spd-oberkraemer.de\/index.php?rest_route=\/wp\/v2\/types\/page"}],"author":[{"embeddable":true,"href":"https:\/\/www.spd-oberkraemer.de\/index.php?rest_route=\/wp\/v2\/users\/1"}],"replies":[{"embeddable":true,"href":"https:\/\/www.spd-oberkraemer.de\/index.php?rest_route=%2Fwp%2Fv2%2Fcomments&post=821"}],"version-history":[{"count":9,"href":"https:\/\/www.spd-oberkraemer.de\/index.php?rest_route=\/wp\/v2\/pages\/821\/revisions"}],"predecessor-version":[{"id":1086,"href":"https:\/\/www.spd-oberkraemer.de\/index.php?rest_route=\/wp\/v2\/pages\/821\/revisions\/1086"}],"wp:attachment":[{"href":"https:\/\/www.spd-oberkraemer.de\/index.php?rest_route=%2Fwp%2Fv2%2Fmedia&parent=821"}],"curies":[{"name":"wp","href":"https:\/\/api.w.org\/{rel}","templated":true}]}}